{"id":339,"date":"2025-09-17T09:17:55","date_gmt":"2025-09-17T09:17:55","guid":{"rendered":"http:\/\/jrwtwhx.cluster100.hosting.ovh.net\/?page_id=339"},"modified":"2025-10-09T07:52:46","modified_gmt":"2025-10-09T07:52:46","slug":"mentions-legales","status":"publish","type":"page","link":"https:\/\/mywaylespectacle.com\/index.php\/mentions-legales\/","title":{"rendered":"Mentions L\u00e9gales"},"content":{"rendered":"\t\t<div data-elementor-type=\"wp-page\" data-elementor-id=\"339\" class=\"elementor elementor-339\" data-elementor-post-type=\"page\">\n\t\t\t\t<div class=\"elementor-element elementor-element-334f32e e-flex e-con-boxed e-con e-parent\" data-id=\"334f32e\" data-element_type=\"container\" data-settings=\"{&quot;background_background&quot;:&quot;classic&quot;}\">\n\t\t\t\t\t<div class=\"e-con-inner\">\n\t\t<div class=\"elementor-element elementor-element-7235440 e-con-full e-flex e-con e-child\" data-id=\"7235440\" data-element_type=\"container\">\n\t\t\t\t<div class=\"elementor-element elementor-element-8fae4c1 elementor-view-stacked elementor-shape-circle elementor-widget elementor-widget-icon\" data-id=\"8fae4c1\" data-element_type=\"widget\" data-widget_type=\"icon.default\">\n\t\t\t\t\t\t\t<div class=\"elementor-icon-wrapper\">\n\t\t\t<a class=\"elementor-icon\" href=\"https:\/\/mywaylespectacle.com\">\n\t\t\t<svg aria-hidden=\"true\" class=\"e-font-icon-svg e-fas-home\" viewBox=\"0 0 576 512\" xmlns=\"http:\/\/www.w3.org\/2000\/svg\"><path d=\"M280.37 148.26L96 300.11V464a16 16 0 0 0 16 16l112.06-.29a16 16 0 0 0 15.92-16V368a16 16 0 0 1 16-16h64a16 16 0 0 1 16 16v95.64a16 16 0 0 0 16 16.05L464 480a16 16 0 0 0 16-16V300L295.67 148.26a12.19 12.19 0 0 0-15.3 0zM571.6 251.47L488 182.56V44.05a12 12 0 0 0-12-12h-56a12 12 0 0 0-12 12v72.61L318.47 43a48 48 0 0 0-61 0L4.34 251.47a12 12 0 0 0-1.6 16.9l25.5 31A12 12 0 0 0 45.15 301l235.22-193.74a12.19 12.19 0 0 1 15.3 0L530.9 301a12 12 0 0 0 16.9-1.6l25.5-31a12 12 0 0 0-1.7-16.93z\"><\/path><\/svg>\t\t\t<\/a>\n\t\t<\/div>\n\t\t\t\t\t\t<\/div>\n\t\t\t\t<\/div>\n\t\t<div class=\"elementor-element elementor-element-2bafa3a e-con-full e-flex e-con e-child\" data-id=\"2bafa3a\" data-element_type=\"container\">\n\t\t\t\t<div class=\"elementor-element elementor-element-4a0266f elementor-widget elementor-widget-heading\" data-id=\"4a0266f\" data-element_type=\"widget\" data-widget_type=\"heading.default\">\n\t\t\t\t\t<h2 class=\"elementor-heading-title elementor-size-default\">MENTIONS LEGALES <\/h2>\t\t\t\t<\/div>\n\t\t\t\t<\/div>\n\t\t\t\t\t<\/div>\n\t\t\t\t<\/div>\n\t\t<div class=\"elementor-element elementor-element-fc3a4d6 e-flex e-con-boxed e-con e-parent\" data-id=\"fc3a4d6\" data-element_type=\"container\" data-settings=\"{&quot;background_background&quot;:&quot;classic&quot;}\">\n\t\t\t\t\t<div class=\"e-con-inner\">\n\t\t\t\t<div class=\"elementor-element elementor-element-92b73be elementor-widget elementor-widget-text-editor\" data-id=\"92b73be\" data-element_type=\"widget\" data-widget_type=\"text-editor.default\">\n\t\t\t\t\t\t\t\t\t<p>INFORMATIONS \u00c9DITEUR<\/p><p>Ce site est \u00e9dit\u00e9 par MONADIA. Repr\u00e9sentant l\u00e9gal et directeur de la publication : Willy MANSION. SAS au capital de 137 000 \u20ac RCS Versailles B 413 463 860 N\u00b0 TVA intracommunautaire FR 18413463860 54 route de Sartrouville \u2013 Immeuble Le Montr\u00e9al \u2013 78230 LE PECQ T\u00e9l\u00e9phone : + 33 1 39 100\u00a0200<\/p><p>INFORMATIONS H\u00c9BERGEMENT<\/p><p>Ce site est h\u00e9berg\u00e9 par OVH.<\/p><p>140, quai du Sartel \u2013 59100 ROUBAIX<\/p><p>T\u00e9l\u00e9phone : 08 99 70 17 61<\/p><p>Droit d\u2019auteur \u2013 Copyright \u00a9 \u2013 Droit des marques \u2013 Liens<\/p><p>La reproduction ou la repr\u00e9sentation en tout ou partie des \u00e9l\u00e9ments se trouvant sur le site est strictement interdite.<\/p><p>DROITS D\u2019AUTEUR<\/p><p>Les droits de reproduction et de repr\u00e9sentation de l\u2019ensemble des \u0153uvres repr\u00e9sent\u00e9es sur le site sont strictement r\u00e9serv\u00e9s. En cons\u00e9quence, la reproduction et la repr\u00e9sentation de tout ou partie de ce site, sur quelque support que ce soit, est formellement interdite sauf autorisation \u00e9crite expresse du responsable de la publication. Les documents ne peuvent faire l\u2019objet de copies qu\u2019\u00e0 titre d\u2019information, la copie \u00e9tant r\u00e9serv\u00e9e au seul usage priv\u00e9.<\/p><p>Droit des marques<\/p><p>Les d\u00e9nominations sociales, marques et signes distinctifs reproduits sur le site sont prot\u00e9g\u00e9s au titre du droit des marques. La reproduction ou la repr\u00e9sentation de tout ou partie d\u2019un des signes pr\u00e9cit\u00e9s est strictement interdite et doit faire l\u2019objet d\u2019une autorisation \u00e9crite pr\u00e9alable du titulaire de la marque.<\/p><p>Cr\u00e9ation de liens vers le site <a href=\"http:\/\/www.mywaylespectacle.com\">www.mywaylespectacle.com<\/a><\/p><p>Tout lien hypertexte pointant vers le contenu du site doit faire l\u2019objet d\u2019une autorisation de la direction de la publication. Cette autorisation ne peut \u00eatre accord\u00e9e aux sites Internet diffusant des informations \u00e0 caract\u00e8re pol\u00e9mique, pornographique, x\u00e9nophobe ou pouvant, dans une plus large mesure, porter atteinte \u00e0 la sensibilit\u00e9 du plus grand nombre ou \u00e0 l\u2019ordre public.<\/p><p>Donn\u00e9es personnelles<\/p><p>L\u2019utilisateur est inform\u00e9 que les donn\u00e9es personnelles recueillies dans le cadre des formulaires de contacts, formulaires d\u2019inscriptions aux newsletters, jeux ou tout autre questionnaire font l\u2019objet d\u2019un traitement par MONADIA. Les informations recueillies sont tenues strictement confidentielles et sont destin\u00e9es \u00e0 l\u2019usage exclusif des membres et des services de la soci\u00e9t\u00e9 MONADIA\u00a0ainsi qu\u2019\u00e0 des tiers tels que mentionn\u00e9s \u00e0 l\u2019article 6 de la Politique de Confidentialit\u00e9 disponible sur le site internet.<\/p><p>Certaines informations sp\u00e9cifiques demand\u00e9es dans les formulaires en ligne sont obligatoires.<\/p><p>Conform\u00e9ment la loi \u00ab Informatique et Libert\u00e9s \u00bb du 6 janvier 1978 modifi\u00e9e par les lois du 6 ao\u00fbt 2004 (articles 38 \u00e0 43 de la loi n\u00b0 78-17 du 6 janvier 1978 relative \u00e0 l\u2019informatique, aux fichiers et aux libert\u00e9s), la loi n\u00b0 2018-493 du 20 juin 2018 ainsi que par le R\u00e8glement UE n\u00b02016\/679 du 27 avril 2016, vous pouvez exercer votre droit d\u2019acc\u00e8s aux informations et le cas \u00e9ch\u00e9ant votre droit de rectification ou de retrait des informations vous concernant en \u00e9crivant \u00e0 : <b>MONADIA, indiquer est responsable +coordonn\u00e9es<\/b> , ou aux adresses \u00e9lectroniques suivantes <i>: <\/i><i>(indiquer l\u2019adresse)<\/i><i><span class=\"Apple-converted-space\">\u00a0<\/span><\/i><i><\/i><\/p><p>Afin de mieux vous servir, MONADIA mesure le nombre de pages vues, le nombre de visites, ainsi que l\u2019activit\u00e9 des visiteurs sur le site, et leur fr\u00e9quence de retour. \u00c0 cet effet, MONADIA utilise la technologie des \u00ab cookies \u00bb.<\/p><p>Le cookie est un fichier qui ne permet pas d\u2019identifier l\u2019utilisateur mais sert \u00e0 enregistrer des informations relatives \u00e0 la navigation de celui-ci sur le site. L\u2019utilisation de ces cookies a notamment pour finalit\u00e9 de personnaliser la pr\u00e9sentation du site pour chaque visiteur.<\/p><p>Responsabilit\u00e9 de l\u2019\u00e9diteur du site<\/p><p>MONADIA met \u00e0 disposition des internautes des informations dont elle fait ses meilleurs efforts pour assurer, l\u2019exactitude au moment de leur mise en ligne. MONADIA ne saurait en aucun cas \u00eatre tenue responsable des \u00e9ventuels pr\u00e9judices li\u00e9s \u00e0 la consultation de ces informations.<\/p><p>MONADIA se r\u00e9serve le droit de modifier, corriger ou supprimer le contenu du site.<\/p><p>MONADIA ne saurait \u00eatre tenue responsable de l\u2019utilisation qui serait faite par les internautes des informations contenues dans le site.<span class=\"Apple-converted-space\">\u00a0<\/span><\/p><p>Des liens hypertextes pr\u00e9sents sur le site www.mywaylespectacle.com permettent l\u2019acc\u00e8s \u00e0 d\u2019autres sites sur lesquels MONADIA n\u2019exerce aucun contr\u00f4le. La responsabilit\u00e9 de MONADIA ne saurait en aucun cas \u00eatre engag\u00e9e en cas de pr\u00e9judice caus\u00e9 par le contenu d\u2019un ou plusieurs des sites rattach\u00e9s par lien hypertexte.<\/p><p>Il appartient aux internautes de prendre les mesures appropri\u00e9es pour la protection de leur mat\u00e9riel, donn\u00e9es ou logiciel informatiques notamment contre les virus informatiques circulant sur le r\u00e9seau. MONADIA ne saurait en aucun cas \u00eatre tenue responsable des dommages caus\u00e9s par un virus lors de la connexion \u00e0 son site.<\/p><p>MONADIA d\u00e9cline toute responsabilit\u00e9 pour les difficult\u00e9s rencontr\u00e9es lors de l\u2019acc\u00e8s \u00e0 son site ou pour toute d\u00e9faillance de communication.<\/p>\t\t\t\t\t\t\t\t<\/div>\n\t\t\t\t\t<\/div>\n\t\t\t\t<\/div>\n\t\t\t\t<\/div>\n\t\t","protected":false},"excerpt":{"rendered":"<p>MENTIONS LEGALES INFORMATIONS \u00c9DITEUR Ce site est \u00e9dit\u00e9 par MONADIA. Repr\u00e9sentant l\u00e9gal et directeur de la publication : Willy MANSION. SAS au capital de 137 000 \u20ac RCS Versailles B 413 463 860 N\u00b0 TVA intracommunautaire FR 18413463860 54 route de Sartrouville \u2013 Immeuble Le Montr\u00e9al \u2013 78230 LE PECQ T\u00e9l\u00e9phone : + 33 1 [&hellip;]<\/p>\n","protected":false},"author":1,"featured_media":0,"parent":0,"menu_order":0,"comment_status":"closed","ping_status":"closed","template":"","meta":{"footnotes":""},"class_list":["post-339","page","type-page","status-publish","hentry","entry"],"_links":{"self":[{"href":"https:\/\/mywaylespectacle.com\/index.php\/wp-json\/wp\/v2\/pages\/339","targetHints":{"allow":["GET"]}}],"collection":[{"href":"https:\/\/mywaylespectacle.com\/index.php\/wp-json\/wp\/v2\/pages"}],"about":[{"href":"https:\/\/mywaylespectacle.com\/index.php\/wp-json\/wp\/v2\/types\/page"}],"author":[{"embeddable":true,"href":"https:\/\/mywaylespectacle.com\/index.php\/wp-json\/wp\/v2\/users\/1"}],"replies":[{"embeddable":true,"href":"https:\/\/mywaylespectacle.com\/index.php\/wp-json\/wp\/v2\/comments?post=339"}],"version-history":[{"count":13,"href":"https:\/\/mywaylespectacle.com\/index.php\/wp-json\/wp\/v2\/pages\/339\/revisions"}],"predecessor-version":[{"id":424,"href":"https:\/\/mywaylespectacle.com\/index.php\/wp-json\/wp\/v2\/pages\/339\/revisions\/424"}],"wp:attachment":[{"href":"https:\/\/mywaylespectacle.com\/index.php\/wp-json\/wp\/v2\/media?parent=339"}],"curies":[{"name":"wp","href":"https:\/\/api.w.org\/{rel}","templated":true}]}}